{"id":2913,"date":"2024-10-07T17:55:43","date_gmt":"2024-10-07T17:55:43","guid":{"rendered":"https:\/\/www.jantech.sk\/?page_id=2913"},"modified":"2024-10-07T17:56:58","modified_gmt":"2024-10-07T17:56:58","slug":"cookies","status":"publish","type":"page","link":"https:\/\/www.jantech.sk\/cs\/cookies\/","title":{"rendered":"Soubory cookie"},"content":{"rendered":"<div data-elementor-type=\"wp-page\" data-elementor-id=\"2913\" class=\"elementor elementor-2913\" data-elementor-post-type=\"page\">\n\t\t\t\t<div class=\"elementor-element elementor-element-b7c8d85 e-flex e-con-boxed e-con e-parent\" data-id=\"b7c8d85\" data-element_type=\"container\">\n\t\t\t\t\t<div class=\"e-con-inner\">\n\t\t<div class=\"elementor-element elementor-element-e8e2d8e e-con-full e-flex e-con e-child\" data-id=\"e8e2d8e\" data-element_type=\"container\">\n\t\t\t\t<div class=\"elementor-element elementor-element-1ee06c8 elementor-widget elementor-widget-text-editor\" data-id=\"1ee06c8\" data-element_type=\"widget\" data-widget_type=\"text-editor.default\">\n\t\t\t\t<div class=\"elementor-widget-container\">\n\t\t\t\t\t\t\t<header class=\"entry-header ast-no-thumbnail ast-no-meta\"><h1 class=\"entry-title\">Soubory cookie<\/h1><\/header><div class=\"entry-content clear\"><p>Abychom zajistili spr\u00e1vn\u00e9 fungov\u00e1n\u00ed webov\u00fdch str\u00e1nek www.jantech.sk, ukl\u00e1d\u00e1me n\u011bkdy do va\u0161eho za\u0159\u00edzen\u00ed mal\u00e9 datov\u00e9 soubory, tzv. cookies. Jedn\u00e1 se o b\u011b\u017enou praxi na v\u011bt\u0161in\u011b webov\u00fdch str\u00e1nek.<\/p><p><strong>Co jsou to soubory cookie?<\/strong><\/p><p>Soubor cookie je mal\u00fd textov\u00fd soubor, kter\u00fd webov\u00e9 str\u00e1nky ukl\u00e1daj\u00ed do va\u0161eho po\u010d\u00edta\u010de nebo mobiln\u00edho za\u0159\u00edzen\u00ed p\u0159i jejich prohl\u00ed\u017een\u00ed. Pomoc\u00ed tohoto souboru si webov\u00e1 str\u00e1nka po ur\u010ditou dobu uchov\u00e1v\u00e1 informace o va\u0161ich \u00fakonech a preferenc\u00edch (nap\u0159\u00edklad p\u0159ihla\u0161ovac\u00ed jm\u00e9no, jazyk, velikost p\u00edsma a dal\u0161\u00ed nastaven\u00ed zobrazen\u00ed), tak\u017ee je p\u0159i p\u0159\u00ed\u0161t\u00ed n\u00e1v\u0161t\u011bv\u011b webu nebo prohl\u00ed\u017een\u00ed jeho jednotliv\u00fdch str\u00e1nek nemus\u00edte znovu zad\u00e1vat.<\/p><p><strong>Jak mohu kontrolovat soubory cookie?<\/strong><\/p><p>Soubory cookie m\u016f\u017eete kontrolovat a\/nebo mazat podle vlastn\u00edho uv\u00e1\u017een\u00ed - viz podrobnosti na str\u00e1nce\u00a0<a href=\"http:\/\/www.aboutcookies.org\/\" target=\"_blank\" rel=\"noreferrer noopener\">www.aboutcookies.org<\/a>.  V\u0161echny soubory cookie ulo\u017een\u00e9 v po\u010d\u00edta\u010di m\u016f\u017eete vymazat a v\u011bt\u0161inu prohl\u00ed\u017ee\u010d\u016f m\u016f\u017eete nastavit tak, aby jejich ukl\u00e1d\u00e1n\u00ed zabr\u00e1nily. V takov\u00e9m p\u0159\u00edpad\u011b v\u0161ak mo\u017en\u00e1 budete muset p\u0159i ka\u017ed\u00e9 n\u00e1v\u0161t\u011bv\u011b webov\u00fdch str\u00e1nek ru\u010dn\u011b upravit n\u011bkter\u00e1 nastaven\u00ed a n\u011bkter\u00e9 slu\u017eby a funkce nemus\u00ed fungovat.<\/p><p><strong>Jak pou\u017e\u00edv\u00e1me soubory cookie?<\/strong><\/p><p>Webov\u00e9 str\u00e1nky www.jantech.sk pou\u017e\u00edvaj\u00ed soubory cookie ke shroma\u017e\u010fov\u00e1n\u00ed anonymn\u00edch statistick\u00fdch informac\u00ed o n\u00e1v\u0161t\u011bvn\u00edc\u00edch, k zapamatov\u00e1n\u00ed u\u017eivatelsk\u00fdch nastaven\u00ed, k lep\u0161\u00edmu p\u0159izp\u016fsoben\u00ed reklamy z\u00e1jm\u016fm n\u00e1v\u0161t\u011bvn\u00edk\u016f a k nezbytn\u00fdm funkc\u00edm webov\u00fdch str\u00e1nek.<\/p><ul><li>Z\u00e1kladn\u00ed soubory cookie, tyto soubory cookie v\u00e1m umo\u017e\u0148uj\u00ed pou\u017e\u00edvat z\u00e1kladn\u00ed funkce, jako je p\u0159ihl\u00e1\u0161en\u00ed jako registrovan\u00fd u\u017eivatel nebo p\u0159edvypln\u011bn\u00ed formul\u00e1\u0159\u016f a zapamatov\u00e1n\u00ed va\u0161ich preferenc\u00ed. Pokud tyto soubory cookie zak\u00e1\u017eete, nem\u016f\u017eeme zaru\u010dit plnou funk\u010dnost na\u0161ich str\u00e1nek.<\/li><li>Provozn\u00ed soubory cookie, tyto soubory cookie se pou\u017e\u00edvaj\u00ed k zaznamen\u00e1v\u00e1n\u00ed a anal\u00fdze chov\u00e1n\u00ed n\u00e1v\u0161t\u011bvn\u00edk\u016f na webov\u00fdch str\u00e1nk\u00e1ch a n\u00e1sledn\u011b ke zlep\u0161en\u00ed jejich funk\u010dnosti a vzhledu. Pokud tyto soubory cookie zak\u00e1\u017eete, nem\u016f\u017eeme zaru\u010dit plnou funk\u010dnost na\u0161ich str\u00e1nek.<\/li><li>Soubory cookie t\u0159et\u00edch stran vytv\u00e1\u0159ej\u00ed a pou\u017e\u00edvaj\u00ed poskytovatel\u00e9 slu\u017eeb, jako je nap\u0159\u00edklad Google Analytics. Tyto slu\u017eby jsou integrov\u00e1ny do na\u0161ich str\u00e1nek, proto\u017ee je pova\u017eujeme za u\u017eite\u010dn\u00e9 a pln\u011b bezpe\u010dn\u00e9.<\/li><\/ul><p>Soubory cookie se nepou\u017e\u00edvaj\u00ed k jin\u00fdm ne\u017e uveden\u00fdm \u00fa\u010del\u016fm. Ud\u011blen\u00fd souhlas se soubory cookie lze snadno odvolat pomoc\u00ed pokyn\u016f na t\u00e9to str\u00e1nce.\u00a0<a href=\"http:\/\/sk.wondershare.com\/recover-data\/delete-cookies-from-web-browser.html\" target=\"_blank\" rel=\"noreferrer noopener\">Str\u00e1nka<\/a>.<\/p><\/div>\t\t\t\t\t\t<\/div>\n\t\t\t\t<\/div>\n\t\t\t\t<\/div>\n\t\t\t\t\t<\/div>\n\t\t\t\t<\/div>\n\t\t\t\t<\/div>","protected":false},"excerpt":{"rendered":"<p>Soubory cookie Abychom zajistili spr\u00e1vn\u00e9 fungov\u00e1n\u00ed webov\u00fdch str\u00e1nek www.jantech.sk, ukl\u00e1d\u00e1me n\u011bkdy do va\u0161eho za\u0159\u00edzen\u00ed mal\u00e9 datov\u00e9 soubory, tzv. cookies. Jedn\u00e1 se o b\u011b\u017enou praxi v\u011bt\u0161iny webov\u00fdch str\u00e1nek. Co jsou to soubory cookie? Soubor cookie je mal\u00fd textov\u00fd soubor, kter\u00fd webov\u00e9 str\u00e1nky ukl\u00e1daj\u00ed do va\u0161eho po\u010d\u00edta\u010de nebo mobiln\u00edho za\u0159\u00edzen\u00ed p\u0159i jejich prohl\u00ed\u017een\u00ed. D\u00edky tomuto souboru si webov\u00e1 str\u00e1nka po ur\u010ditou dobu pamatuje, \u017ee [...]<\/p>","protected":false},"author":1,"featured_media":0,"parent":0,"menu_order":0,"comment_status":"closed","ping_status":"closed","template":"","meta":{"footnotes":""},"class_list":["post-2913","page","type-page","status-publish","hentry"],"_links":{"self":[{"href":"https:\/\/www.jantech.sk\/cs\/wp-json\/wp\/v2\/pages\/2913","targetHints":{"allow":["GET"]}}],"collection":[{"href":"https:\/\/www.jantech.sk\/cs\/wp-json\/wp\/v2\/pages"}],"about":[{"href":"https:\/\/www.jantech.sk\/cs\/wp-json\/wp\/v2\/types\/page"}],"author":[{"embeddable":true,"href":"https:\/\/www.jantech.sk\/cs\/wp-json\/wp\/v2\/users\/1"}],"replies":[{"embeddable":true,"href":"https:\/\/www.jantech.sk\/cs\/wp-json\/wp\/v2\/comments?post=2913"}],"version-history":[{"count":0,"href":"https:\/\/www.jantech.sk\/cs\/wp-json\/wp\/v2\/pages\/2913\/revisions"}],"wp:attachment":[{"href":"https:\/\/www.jantech.sk\/cs\/wp-json\/wp\/v2\/media?parent=2913"}],"curies":[{"name":"wp","href":"https:\/\/api.w.org\/{rel}","templated":true}]}}