{"id":2913,"date":"2024-10-07T17:55:43","date_gmt":"2024-10-07T17:55:43","guid":{"rendered":"https:\/\/www.jantech.sk\/?page_id=2913"},"modified":"2024-10-07T17:56:58","modified_gmt":"2024-10-07T17:56:58","slug":"cookies","status":"publish","type":"page","link":"https:\/\/www.jantech.sk\/de\/cookies\/","title":{"rendered":"Cookies"},"content":{"rendered":"<div data-elementor-type=\"wp-page\" data-elementor-id=\"2913\" class=\"elementor elementor-2913\" data-elementor-post-type=\"page\">\n\t\t\t\t<div class=\"elementor-element elementor-element-b7c8d85 e-flex e-con-boxed e-con e-parent\" data-id=\"b7c8d85\" data-element_type=\"container\">\n\t\t\t\t\t<div class=\"e-con-inner\">\n\t\t<div class=\"elementor-element elementor-element-e8e2d8e e-con-full e-flex e-con e-child\" data-id=\"e8e2d8e\" data-element_type=\"container\">\n\t\t\t\t<div class=\"elementor-element elementor-element-1ee06c8 elementor-widget elementor-widget-text-editor\" data-id=\"1ee06c8\" data-element_type=\"widget\" data-widget_type=\"text-editor.default\">\n\t\t\t\t<div class=\"elementor-widget-container\">\n\t\t\t\t\t\t\t<header class=\"entry-header ast-no-thumbnail ast-no-meta\"><h1 class=\"entry-title\">Cookies<\/h1><\/header><div class=\"entry-content clear\"><p>Um das ordnungsgem\u00e4\u00dfe Funktionieren der Website www.jantech.sk zu gew\u00e4hrleisten, speichern wir manchmal kleine Datendateien, so genannte Cookies, auf Ihrem Ger\u00e4t. Dies ist eine g\u00e4ngige Praxis auf den meisten Websites.<\/p><p><strong>Was sind Cookies?<\/strong><\/p><p>Ein Cookie ist eine kleine Textdatei, die eine Website auf Ihrem Computer oder Mobilger\u00e4t speichert, wenn Sie sie besuchen. Mit dieser Datei speichert die Website Informationen \u00fcber Ihre Handlungen und Pr\u00e4ferenzen (z. B. Anmeldename, Sprache, Schriftgr\u00f6\u00dfe und andere Anzeigeeinstellungen) f\u00fcr einen bestimmten Zeitraum, so dass Sie diese beim n\u00e4chsten Besuch der Website oder beim Durchsuchen ihrer einzelnen Seiten nicht erneut eingeben m\u00fcssen.<\/p><p><strong>Wie kann ich Cookies kontrollieren?<\/strong><\/p><p>Sie k\u00f6nnen Cookies nach eigenem Ermessen kontrollieren und\/oder l\u00f6schen - siehe Einzelheiten unter\u00a0<a href=\"http:\/\/www.aboutcookies.org\/\" target=\"_blank\" rel=\"noreferrer noopener\">www.aboutcookies.org<\/a>.  Sie k\u00f6nnen alle auf Ihrem Computer gespeicherten Cookies l\u00f6schen und die meisten Browser so einstellen, dass sie nicht gespeichert werden. In diesem Fall m\u00fcssen Sie jedoch m\u00f6glicherweise bei jedem Besuch der Website einige Einstellungen manuell vornehmen und einige Dienste und Funktionen funktionieren m\u00f6glicherweise nicht.<\/p><p><strong>Wie verwenden wir Cookies?<\/strong><\/p><p>Die Website www.jantech.sk verwendet Cookies, um anonyme statistische Informationen \u00fcber die Besucher zu sammeln, um sich an die Benutzereinstellungen zu erinnern, um die Werbung besser auf die Interessen der Besucher abzustimmen und f\u00fcr die notwendige Funktionalit\u00e4t der Website.<\/p><ul><li>Grundlegende Cookies: Diese Cookies erm\u00f6glichen Ihnen die Nutzung grundlegender Funktionen wie die Anmeldung als registrierter Benutzer oder das Vorausf\u00fcllen von Formularen und die Speicherung Ihrer Pr\u00e4ferenzen. Wenn Sie diese Cookies deaktivieren, k\u00f6nnen wir die volle Funktionalit\u00e4t unserer Website nicht garantieren.<\/li><li>Operative Cookies: Diese Cookies werden verwendet, um das Besucherverhalten auf der Website zu erfassen und zu analysieren und anschlie\u00dfend die Funktionalit\u00e4t und das Erscheinungsbild der Website zu verbessern. Wenn Sie diese Cookies deaktivieren, k\u00f6nnen wir die volle Funktionalit\u00e4t unserer Website nicht garantieren.<\/li><li>Cookies von Drittanbietern werden von Dienstleistern wie Google Analytics erstellt und verwendet. Diese Dienste sind in unsere Website integriert, weil wir sie f\u00fcr n\u00fctzlich und absolut sicher halten.<\/li><\/ul><p>Cookies werden nicht f\u00fcr andere als die angegebenen Zwecke verwendet. Die dem Cookie erteilte Zustimmung kann mit Hilfe der Anweisungen auf dieser Seite leicht widerrufen werden.\u00a0<a href=\"http:\/\/sk.wondershare.com\/recover-data\/delete-cookies-from-web-browser.html\" target=\"_blank\" rel=\"noreferrer noopener\">Seite<\/a>.<\/p><\/div>\t\t\t\t\t\t<\/div>\n\t\t\t\t<\/div>\n\t\t\t\t<\/div>\n\t\t\t\t\t<\/div>\n\t\t\t\t<\/div>\n\t\t\t\t<\/div>","protected":false},"excerpt":{"rendered":"<p>Cookies Um das ordnungsgem\u00e4\u00dfe Funktionieren der Website www.jantech.sk zu gew\u00e4hrleisten, speichern wir manchmal kleine Datendateien, so genannte Cookies, auf Ihrem Ger\u00e4t. Dies ist eine \u00fcbliche Praxis f\u00fcr die meisten Websites. Was sind Cookies? Ein Cookie ist eine kleine Textdatei, die eine Website auf Ihrem Computer oder Mobilger\u00e4t speichert, wenn Sie sie besuchen. Dank dieser Datei merkt sich die Website f\u00fcr einen bestimmten Zeitraum [...]<\/p>","protected":false},"author":1,"featured_media":0,"parent":0,"menu_order":0,"comment_status":"closed","ping_status":"closed","template":"","meta":{"footnotes":""},"class_list":["post-2913","page","type-page","status-publish","hentry"],"_links":{"self":[{"href":"https:\/\/www.jantech.sk\/de\/wp-json\/wp\/v2\/pages\/2913","targetHints":{"allow":["GET"]}}],"collection":[{"href":"https:\/\/www.jantech.sk\/de\/wp-json\/wp\/v2\/pages"}],"about":[{"href":"https:\/\/www.jantech.sk\/de\/wp-json\/wp\/v2\/types\/page"}],"author":[{"embeddable":true,"href":"https:\/\/www.jantech.sk\/de\/wp-json\/wp\/v2\/users\/1"}],"replies":[{"embeddable":true,"href":"https:\/\/www.jantech.sk\/de\/wp-json\/wp\/v2\/comments?post=2913"}],"version-history":[{"count":0,"href":"https:\/\/www.jantech.sk\/de\/wp-json\/wp\/v2\/pages\/2913\/revisions"}],"wp:attachment":[{"href":"https:\/\/www.jantech.sk\/de\/wp-json\/wp\/v2\/media?parent=2913"}],"curies":[{"name":"wp","href":"https:\/\/api.w.org\/{rel}","templated":true}]}}